{"id":16,"date":"2016-12-21T17:15:41","date_gmt":"2016-12-21T17:15:41","guid":{"rendered":"http:\/\/mde-electronic.de\/?page_id=16"},"modified":"2017-02-06T17:29:23","modified_gmt":"2017-02-06T17:29:23","slug":"analyse","status":"publish","type":"page","link":"https:\/\/mde-electronic.de\/?page_id=16","title":{"rendered":"Analyse"},"content":{"rendered":"<h3>MDE-Electronic ist Ihr Partner f\u00fcr die Analyse der HMI (Mensch-Maschine-Schnitstelle)<\/h3>\n<p><!--more--><\/p>\n<p>Wir erstellen gemeinsam mit Ihnen als Kunde resourcenschonnende Konzepte, unter Ber\u00fccksichtigung aller uns zur Verf\u00fcgung stehenden \u00f6konomischen und \u00f6kologischen Faktoren.<\/p>\n","protected":false},"excerpt":{"rendered":"<p>MDE-Electronic ist Ihr Partner f\u00fcr die Analyse der HMI (Mensch-Maschine-Schnitstelle)<\/p>\n","protected":false},"author":1,"featured_media":0,"parent":0,"menu_order":0,"comment_status":"closed","ping_status":"closed","template":"","meta":{"footnotes":""},"class_list":["post-16","page","type-page","status-publish","hentry"],"jetpack_sharing_enabled":true,"jetpack_shortlink":"https:\/\/wp.me\/P8klsC-g","jetpack-related-posts":[],"_links":{"self":[{"href":"https:\/\/mde-electronic.de\/index.php?rest_route=\/wp\/v2\/pages\/16","targetHints":{"allow":["GET"]}}],"collection":[{"href":"https:\/\/mde-electronic.de\/index.php?rest_route=\/wp\/v2\/pages"}],"about":[{"href":"https:\/\/mde-electronic.de\/index.php?rest_route=\/wp\/v2\/types\/page"}],"author":[{"embeddable":true,"href":"https:\/\/mde-electronic.de\/index.php?rest_route=\/wp\/v2\/users\/1"}],"replies":[{"embeddable":true,"href":"https:\/\/mde-electronic.de\/index.php?rest_route=%2Fwp%2Fv2%2Fcomments&post=16"}],"version-history":[{"count":7,"href":"https:\/\/mde-electronic.de\/index.php?rest_route=\/wp\/v2\/pages\/16\/revisions"}],"predecessor-version":[{"id":302,"href":"https:\/\/mde-electronic.de\/index.php?rest_route=\/wp\/v2\/pages\/16\/revisions\/302"}],"wp:attachment":[{"href":"https:\/\/mde-electronic.de\/index.php?rest_route=%2Fwp%2Fv2%2Fmedia&parent=16"}],"curies":[{"name":"wp","href":"https:\/\/api.w.org\/{rel}","templated":true}]}}