{"id":204,"date":"2017-01-24T09:26:21","date_gmt":"2017-01-24T09:26:21","guid":{"rendered":"http:\/\/mde-electronic.de\/?page_id=204"},"modified":"2017-02-06T18:49:33","modified_gmt":"2017-02-06T18:49:33","slug":"impressum","status":"publish","type":"page","link":"https:\/\/mde-electronic.de\/?page_id=204","title":{"rendered":"Impressum"},"content":{"rendered":"<p>Dombek Michael<br \/>\nAm Steigb\u00fcgel 17<br \/>\n27283 Verden\/Aller<\/p>\n<p>tel: +49 4231 982782<\/p>\n<p>mobil: +49 175 8220126<\/p>\n<p>email: info@mde-electronic.de<\/p>\n<p>USt. &#8211; ID. &#8211; Nr.: DE260921243<\/p>\n<p class=\"bodytext\">Inhaltlich Verantwortlicher gem\u00e4\u00df \u00a7 55 Abs. 2 RStV: Michael Dombek (Anschrift wie oben)<\/p>\n<p class=\"bodytext\">Haftungshinweis: Trotz sorgf\u00e4ltiger inhaltlicher Kontrolle \u00fcbernehmen wir keine Haftung f\u00fcr die Inhalte externer Links. F\u00fcr den Inhalt der verlinkten Seiten sind ausschlie\u00dflich deren Betreiber verantwortlich.<\/p>\n<p class=\"bodytext\">Gestaltung und Umsetzung: Michael Dombek<\/p>\n","protected":false},"excerpt":{"rendered":"<p>Dombek Michael Am Steigb\u00fcgel 17 27283 Verden\/Aller tel: +49 4231 982782 mobil: +49 175 8220126 email: info@mde-electronic.de USt. &#8211; ID. &#8211; Nr.: DE260921243 Inhaltlich Verantwortlicher gem\u00e4\u00df \u00a7 55 Abs. 2 RStV: Michael Dombek (Anschrift wie oben) Haftungshinweis: Trotz sorgf\u00e4ltiger inhaltlicher Kontrolle \u00fcbernehmen wir keine Haftung f\u00fcr die Inhalte externer Links. F\u00fcr den Inhalt der verlinkten Seiten sind ausschlie\u00dflich deren Betreiber verantwortlich. Gestaltung und Umsetzung: Michael Dombek<\/p>\n","protected":false},"author":1,"featured_media":0,"parent":0,"menu_order":0,"comment_status":"closed","ping_status":"closed","template":"","meta":{"jetpack_post_was_ever_published":false,"footnotes":""},"class_list":["post-204","page","type-page","status-publish","hentry"],"jetpack_sharing_enabled":true,"jetpack_shortlink":"https:\/\/wp.me\/P8klsC-3i","jetpack-related-posts":[],"_links":{"self":[{"href":"https:\/\/mde-electronic.de\/index.php?rest_route=\/wp\/v2\/pages\/204","targetHints":{"allow":["GET"]}}],"collection":[{"href":"https:\/\/mde-electronic.de\/index.php?rest_route=\/wp\/v2\/pages"}],"about":[{"href":"https:\/\/mde-electronic.de\/index.php?rest_route=\/wp\/v2\/types\/page"}],"author":[{"embeddable":true,"href":"https:\/\/mde-electronic.de\/index.php?rest_route=\/wp\/v2\/users\/1"}],"replies":[{"embeddable":true,"href":"https:\/\/mde-electronic.de\/index.php?rest_route=%2Fwp%2Fv2%2Fcomments&post=204"}],"version-history":[{"count":3,"href":"https:\/\/mde-electronic.de\/index.php?rest_route=\/wp\/v2\/pages\/204\/revisions"}],"predecessor-version":[{"id":316,"href":"https:\/\/mde-electronic.de\/index.php?rest_route=\/wp\/v2\/pages\/204\/revisions\/316"}],"wp:attachment":[{"href":"https:\/\/mde-electronic.de\/index.php?rest_route=%2Fwp%2Fv2%2Fmedia&parent=204"}],"curies":[{"name":"wp","href":"https:\/\/api.w.org\/{rel}","templated":true}]}}