{"id":21,"date":"2016-12-21T17:21:30","date_gmt":"2016-12-21T17:21:30","guid":{"rendered":"http:\/\/mde-electronic.de\/?page_id=21"},"modified":"2024-01-13T19:34:37","modified_gmt":"2024-01-13T19:34:37","slug":"entwicklung","status":"publish","type":"page","link":"https:\/\/mde-electronic.de\/?page_id=21","title":{"rendered":"Entwicklung"},"content":{"rendered":"<h3>Sie m\u00f6chten eine Idee in die Tat umsetzen?<\/h3>\n<p><!--more--><\/p>\n<p>MDE-Electronic entwickelt Projekte von der Idee bis zum fertigen Produkt<\/p>\n<ul>\n<li>Hardware<\/li>\n<li>Software<\/li>\n<li>Bedieneinheit<\/li>\n<li>Geh\u00e4use<\/li>\n<\/ul>\n<p><img data-recalc-dims=\"1\" loading=\"lazy\" decoding=\"async\" data-attachment-id=\"271\" data-permalink=\"https:\/\/mde-electronic.de\/?attachment_id=271\" data-orig-file=\"https:\/\/i0.wp.com\/mde-electronic.de\/wp-content\/uploads\/2017\/02\/lcd.jpg?fit=150%2C150&amp;ssl=1\" data-orig-size=\"150,150\" data-comments-opened=\"1\" data-image-meta=\"{&quot;aperture&quot;:&quot;2.9&quot;,&quot;credit&quot;:&quot;&quot;,&quot;camera&quot;:&quot;MD 85919&quot;,&quot;caption&quot;:&quot;Digital Camera P42001&quot;,&quot;created_timestamp&quot;:&quot;1285172180&quot;,&quot;copyright&quot;:&quot;&quot;,&quot;focal_length&quot;:&quot;5.7&quot;,&quot;iso&quot;:&quot;125&quot;,&quot;shutter_speed&quot;:&quot;0.025&quot;,&quot;title&quot;:&quot;Digital Camera P42001&quot;,&quot;orientation&quot;:&quot;0&quot;}\" data-image-title=\"\" data-image-description=\"\" data-image-caption=\"\" data-large-file=\"https:\/\/i0.wp.com\/mde-electronic.de\/wp-content\/uploads\/2017\/02\/lcd.jpg?fit=150%2C150&amp;ssl=1\" class=\"alignnone size-full wp-image-271\" src=\"https:\/\/i0.wp.com\/mde-electronic.de\/wp-content\/uploads\/2017\/02\/lcd.jpg?resize=150%2C150&#038;ssl=1\" alt=\"\" width=\"150\" height=\"150\" \/><img data-recalc-dims=\"1\" loading=\"lazy\" decoding=\"async\" data-attachment-id=\"273\" data-permalink=\"https:\/\/mde-electronic.de\/?attachment_id=273\" data-orig-file=\"https:\/\/i0.wp.com\/mde-electronic.de\/wp-content\/uploads\/2017\/02\/standard_klein_filter.jpg?fit=150%2C150&amp;ssl=1\" data-orig-size=\"150,150\" data-comments-opened=\"1\" data-image-meta=\"{&quot;aperture&quot;:&quot;2.9&quot;,&quot;credit&quot;:&quot;&quot;,&quot;camera&quot;:&quot;MD 85919&quot;,&quot;caption&quot;:&quot;Digital Camera P42001&quot;,&quot;created_timestamp&quot;:&quot;1285093496&quot;,&quot;copyright&quot;:&quot;&quot;,&quot;focal_length&quot;:&quot;5.7&quot;,&quot;iso&quot;:&quot;80&quot;,&quot;shutter_speed&quot;:&quot;0.018456&quot;,&quot;title&quot;:&quot;Digital Camera P42001&quot;,&quot;orientation&quot;:&quot;0&quot;}\" data-image-title=\"\" data-image-description=\"\" data-image-caption=\"\" data-large-file=\"https:\/\/i0.wp.com\/mde-electronic.de\/wp-content\/uploads\/2017\/02\/standard_klein_filter.jpg?fit=150%2C150&amp;ssl=1\" class=\"alignnone size-full wp-image-273\" src=\"https:\/\/i0.wp.com\/mde-electronic.de\/wp-content\/uploads\/2017\/02\/standard_klein_filter.jpg?resize=150%2C150&#038;ssl=1\" alt=\"\" width=\"150\" height=\"150\" \/><img data-recalc-dims=\"1\" loading=\"lazy\" decoding=\"async\" data-attachment-id=\"272\" data-permalink=\"https:\/\/mde-electronic.de\/?attachment_id=272\" data-orig-file=\"https:\/\/i0.wp.com\/mde-electronic.de\/wp-content\/uploads\/2017\/02\/st_klein.jpg?fit=150%2C150&amp;ssl=1\" data-orig-size=\"150,150\" data-comments-opened=\"1\" data-image-meta=\"{&quot;aperture&quot;:&quot;2.9&quot;,&quot;credit&quot;:&quot;&quot;,&quot;camera&quot;:&quot;MD 85919&quot;,&quot;caption&quot;:&quot;Digital Camera P42001&quot;,&quot;created_timestamp&quot;:&quot;1285093025&quot;,&quot;copyright&quot;:&quot;&quot;,&quot;focal_length&quot;:&quot;5.7&quot;,&quot;iso&quot;:&quot;320&quot;,&quot;shutter_speed&quot;:&quot;0.125&quot;,&quot;title&quot;:&quot;Digital Camera P42001&quot;,&quot;orientation&quot;:&quot;0&quot;}\" data-image-title=\"\" data-image-description=\"\" data-image-caption=\"\" data-large-file=\"https:\/\/i0.wp.com\/mde-electronic.de\/wp-content\/uploads\/2017\/02\/st_klein.jpg?fit=150%2C150&amp;ssl=1\" class=\"alignnone size-full wp-image-272\" src=\"https:\/\/i0.wp.com\/mde-electronic.de\/wp-content\/uploads\/2017\/02\/st_klein.jpg?resize=150%2C150&#038;ssl=1\" alt=\"\" width=\"150\" height=\"150\" \/><\/p>\n<p>Die enorme Kapazit\u00e4t an Speicher und Leistungen die eine CPU heutzutage besitzt, verleiht dazu die meisten Anwendungen in Hochsprachen wie C oder C++ zu schreiben. Kommt es aber auf die Geschwindigkeit und Verarbeitungszeit an, wird die Maschinensprache Assembler angewandt. Das breite Spektrum der hier eingesetzten Prozessoren reicht von einfachen 8-Bit-CPU&#8217;s bis hin zu schnellen 32-Bit-Prozessoren. Mit der Palette der Anwendungen wie z.B. Echtzeit &#8211; Kommunikationssystemen (CAN Bus), Schnittstellenprogrammierung (RS 232-485, I\u00b2C, SPI), Funk\u00fcbertragung wie Bluetooth oder GSM, Datenloggern, Sicherheitanwendungen, HMI Steuerungen,\u00a0 MSR bis hin zu individuellen Kommunikationshilfen ist es m\u00f6glich, ein System zu entwickeln, welches auf die W\u00fcnsche und Bed\u00fcrfnisse des Auftragsgebers m\u00f6glichst genau angepasst ist.<\/p>\n","protected":false},"excerpt":{"rendered":"<p>Sie m\u00f6chten eine Idee in die Tat umsetzen?<\/p>\n","protected":false},"author":1,"featured_media":0,"parent":0,"menu_order":0,"comment_status":"closed","ping_status":"closed","template":"","meta":{"footnotes":""},"class_list":["post-21","page","type-page","status-publish","hentry"],"jetpack_sharing_enabled":true,"jetpack_shortlink":"https:\/\/wp.me\/P8klsC-l","jetpack-related-posts":[],"_links":{"self":[{"href":"https:\/\/mde-electronic.de\/index.php?rest_route=\/wp\/v2\/pages\/21","targetHints":{"allow":["GET"]}}],"collection":[{"href":"https:\/\/mde-electronic.de\/index.php?rest_route=\/wp\/v2\/pages"}],"about":[{"href":"https:\/\/mde-electronic.de\/index.php?rest_route=\/wp\/v2\/types\/page"}],"author":[{"embeddable":true,"href":"https:\/\/mde-electronic.de\/index.php?rest_route=\/wp\/v2\/users\/1"}],"replies":[{"embeddable":true,"href":"https:\/\/mde-electronic.de\/index.php?rest_route=%2Fwp%2Fv2%2Fcomments&post=21"}],"version-history":[{"count":10,"href":"https:\/\/mde-electronic.de\/index.php?rest_route=\/wp\/v2\/pages\/21\/revisions"}],"predecessor-version":[{"id":486,"href":"https:\/\/mde-electronic.de\/index.php?rest_route=\/wp\/v2\/pages\/21\/revisions\/486"}],"wp:attachment":[{"href":"https:\/\/mde-electronic.de\/index.php?rest_route=%2Fwp%2Fv2%2Fmedia&parent=21"}],"curies":[{"name":"wp","href":"https:\/\/api.w.org\/{rel}","templated":true}]}}